{"id":66,"date":"2022-03-03T08:43:36","date_gmt":"2022-03-03T07:43:36","guid":{"rendered":"http:\/\/majar.wersjaprojektowa.pl\/?page_id=66"},"modified":"2025-12-15T16:10:17","modified_gmt":"2025-12-15T15:10:17","slug":"majar-klienci-i-doswiadczenie","status":"publish","type":"page","link":"https:\/\/bts.info.pl\/?page_id=66","title":{"rendered":"Klienci i do\u015bwiadczenie"},"content":{"rendered":"\t\t<div data-elementor-type=\"wp-page\" data-elementor-id=\"66\" class=\"elementor elementor-66\" data-elementor-settings=\"[]\">\n\t\t\t\t\t\t\t<div class=\"elementor-section-wrap\">\n\t\t\t\t\t\t\t<section class=\"elementor-section elementor-top-section elementor-element elementor-element-52154909 elementor-section-boxed elementor-section-height-default elementor-section-height-default\" data-id=\"52154909\" data-element_type=\"section\" data-settings=\"{&quot;background_background&quot;:&quot;classic&quot;}\">\n\t\t\t\t\t\t\t<div class=\"elementor-background-overlay\"><\/div>\n\t\t\t\t\t\t\t<div class=\"elementor-container elementor-column-gap-default\">\n\t\t\t\t\t<div class=\"elementor-column elementor-col-100 elementor-top-column elementor-element elementor-element-589cbc99\" data-id=\"589cbc99\" data-element_type=\"column\">\n\t\t\t<div class=\"elementor-widget-wrap elementor-element-populated\">\n\t\t\t\t\t\t\t\t<div class=\"elementor-element elementor-element-3ba2029f elementor-widget elementor-widget-heading\" data-id=\"3ba2029f\" data-element_type=\"widget\" data-widget_type=\"heading.default\">\n\t\t\t\t<div class=\"elementor-widget-container\">\n\t\t\t<style>\/*! elementor - v3.5.6 - 28-02-2022 *\/\n.elementor-heading-title{padding:0;margin:0;line-height:1}.elementor-widget-heading .elementor-heading-title[class*=elementor-size-]>a{color:inherit;font-size:inherit;line-height:inherit}.elementor-widget-heading .elementor-heading-title.elementor-size-small{font-size:15px}.elementor-widget-heading .elementor-heading-title.elementor-size-medium{font-size:19px}.elementor-widget-heading .elementor-heading-title.elementor-size-large{font-size:29px}.elementor-widget-heading .elementor-heading-title.elementor-size-xl{font-size:39px}.elementor-widget-heading .elementor-heading-title.elementor-size-xxl{font-size:59px}<\/style><h1 class=\"elementor-heading-title elementor-size-default\">Klienci i do\u015bwiadczenie<\/h1>\t\t<\/div>\n\t\t\t\t<\/div>\n\t\t\t\t\t<\/div>\n\t\t<\/div>\n\t\t\t\t\t\t\t<\/div>\n\t\t<\/section>\n\t\t\t\t<section class=\"elementor-section elementor-top-section elementor-element elementor-element-236ba0f6 elementor-section-boxed elementor-section-height-default elementor-section-height-default\" data-id=\"236ba0f6\" data-element_type=\"section\" data-settings=\"{&quot;background_background&quot;:&quot;classic&quot;}\">\n\t\t\t\t\t\t<div class=\"elementor-container elementor-column-gap-default\">\n\t\t\t\t\t<div class=\"elementor-column elementor-col-50 elementor-top-column elementor-element elementor-element-cf74b14 elementor-invisible\" data-id=\"cf74b14\" data-element_type=\"column\" data-settings=\"{&quot;background_background&quot;:&quot;classic&quot;,&quot;animation&quot;:&quot;fadeInLeft&quot;}\">\n\t\t\t<div class=\"elementor-widget-wrap elementor-element-populated\">\n\t\t\t\t\t\t\t\t<div class=\"elementor-element elementor-element-0d25c39 elementor-widget elementor-widget-text-editor\" data-id=\"0d25c39\" data-element_type=\"widget\" data-widget_type=\"text-editor.default\">\n\t\t\t\t<div class=\"elementor-widget-container\">\n\t\t\t<style>\/*! elementor - v3.5.6 - 28-02-2022 *\/\n.elementor-widget-text-editor.elementor-drop-cap-view-stacked .elementor-drop-cap{background-color:#818a91;color:#fff}.elementor-widget-text-editor.elementor-drop-cap-view-framed .elementor-drop-cap{color:#818a91;border:3px solid;background-color:transparent}.elementor-widget-text-editor:not(.elementor-drop-cap-view-default) .elementor-drop-cap{margin-top:8px}.elementor-widget-text-editor:not(.elementor-drop-cap-view-default) .elementor-drop-cap-letter{width:1em;height:1em}.elementor-widget-text-editor .elementor-drop-cap{float:left;text-align:center;line-height:1;font-size:50px}.elementor-widget-text-editor .elementor-drop-cap-letter{display:inline-block}<\/style>\t\t\t\t<a href=\"?page_id=1320\" rel=\"noopener\">Nasi klienci<\/a>\t\t\t\t\t\t<\/div>\n\t\t\t\t<\/div>\n\t\t\t\t<div class=\"elementor-element elementor-element-f9453b7 elementor-widget elementor-widget-text-editor\" data-id=\"f9453b7\" data-element_type=\"widget\" data-widget_type=\"text-editor.default\">\n\t\t\t\t<div class=\"elementor-widget-container\">\n\t\t\t\t\t\t\t<a href=\"?page_id=1335\" rel=\"noopener\">Przyk\u0142adowe t\u0142umaczenia ustne<\/a>\t\t\t\t\t\t<\/div>\n\t\t\t\t<\/div>\n\t\t\t\t<div class=\"elementor-element elementor-element-08c664f elementor-widget elementor-widget-text-editor\" data-id=\"08c664f\" data-element_type=\"widget\" data-settings=\"{&quot;_animation&quot;:&quot;none&quot;}\" data-widget_type=\"text-editor.default\">\n\t\t\t\t<div class=\"elementor-widget-container\">\n\t\t\t\t\t\t\t<a href=\"?page_id=1344\" rel=\"noopener\">Przyk\u0142adowe t\u0142umaczenia pisemne<\/a>\t\t\t\t\t\t<\/div>\n\t\t\t\t<\/div>\n\t\t\t\t<div class=\"elementor-element elementor-element-8aacfea elementor-widget elementor-widget-text-editor\" data-id=\"8aacfea\" data-element_type=\"widget\" data-settings=\"{&quot;_animation&quot;:&quot;none&quot;}\" data-widget_type=\"text-editor.default\">\n\t\t\t\t<div class=\"elementor-widget-container\">\n\t\t\t\t\t\t\t<a href=\"?page_id=1503\" rel=\"noopener\">Referencje<\/a>\t\t\t\t\t\t<\/div>\n\t\t\t\t<\/div>\n\t\t\t\t\t<\/div>\n\t\t<\/div>\n\t\t\t\t<div class=\"elementor-column elementor-col-50 elementor-top-column elementor-element elementor-element-2bb360c elementor-hidden-tablet elementor-hidden-mobile elementor-invisible\" data-id=\"2bb360c\" data-element_type=\"column\" data-settings=\"{&quot;background_background&quot;:&quot;classic&quot;,&quot;animation&quot;:&quot;fadeInRight&quot;}\">\n\t\t\t<div class=\"elementor-widget-wrap elementor-element-populated\">\n\t\t\t\t\t\t\t\t<div class=\"elementor-element elementor-element-d60d3d8 elementor-widget elementor-widget-image\" data-id=\"d60d3d8\" data-element_type=\"widget\" data-widget_type=\"image.default\">\n\t\t\t\t<div class=\"elementor-widget-container\">\n\t\t\t<style>\/*! elementor - v3.5.6 - 28-02-2022 *\/\n.elementor-widget-image{text-align:center}.elementor-widget-image a{display:inline-block}.elementor-widget-image a img[src$=\".svg\"]{width:48px}.elementor-widget-image img{vertical-align:middle;display:inline-block}<\/style>\t\t\t\t\t\t\t\t\t\t\t\t<img width=\"800\" height=\"534\" src=\"https:\/\/bts.info.pl\/wp-content\/uploads\/2022\/03\/amy-hirschi-K0c8ko3e6AA-unsplash-1024x683.jpg\" class=\"attachment-large size-large\" alt=\"Majar wsp\u00f3\u0142praca z klientami\" loading=\"lazy\" srcset=\"https:\/\/bts.info.pl\/wp-content\/uploads\/2022\/03\/amy-hirschi-K0c8ko3e6AA-unsplash-1024x683.jpg 1024w, https:\/\/bts.info.pl\/wp-content\/uploads\/2022\/03\/amy-hirschi-K0c8ko3e6AA-unsplash-300x200.jpg 300w, https:\/\/bts.info.pl\/wp-content\/uploads\/2022\/03\/amy-hirschi-K0c8ko3e6AA-unsplash-768x512.jpg 768w, https:\/\/bts.info.pl\/wp-content\/uploads\/2022\/03\/amy-hirschi-K0c8ko3e6AA-unsplash-1536x1024.jpg 1536w, https:\/\/bts.info.pl\/wp-content\/uploads\/2022\/03\/amy-hirschi-K0c8ko3e6AA-unsplash-2048x1365.jpg 2048w\" sizes=\"(max-width: 800px) 100vw, 800px\" \/>\t\t\t\t\t\t\t\t\t\t\t\t\t\t\t<\/div>\n\t\t\t\t<\/div>\n\t\t\t\t\t<\/div>\n\t\t<\/div>\n\t\t\t\t\t\t\t<\/div>\n\t\t<\/section>\n\t\t\t\t<section class=\"elementor-section elementor-top-section elementor-element elementor-element-aa94d03 elementor-section-boxed elementor-section-height-default elementor-section-height-default\" data-id=\"aa94d03\" data-element_type=\"section\">\n\t\t\t\t\t\t<div class=\"elementor-container elementor-column-gap-default\">\n\t\t\t\t\t<div class=\"elementor-column elementor-col-100 elementor-top-column elementor-element elementor-element-8660317\" data-id=\"8660317\" data-element_type=\"column\">\n\t\t\t<div class=\"elementor-widget-wrap elementor-element-populated\">\n\t\t\t\t\t\t\t\t<section class=\"elementor-section elementor-inner-section elementor-element elementor-element-2e31d18 elementor-section-boxed elementor-section-height-default elementor-section-height-default\" data-id=\"2e31d18\" data-element_type=\"section\" data-settings=\"{&quot;background_background&quot;:&quot;classic&quot;}\">\n\t\t\t\t\t\t<div class=\"elementor-container elementor-column-gap-default\">\n\t\t\t\t\t<div class=\"elementor-column elementor-col-50 elementor-inner-column elementor-element elementor-element-5ffc583\" data-id=\"5ffc583\" data-element_type=\"column\">\n\t\t\t<div class=\"elementor-widget-wrap elementor-element-populated\">\n\t\t\t\t\t\t\t\t<div class=\"elementor-element elementor-element-a9e417b animated-slow elementor-invisible elementor-widget elementor-widget-heading\" data-id=\"a9e417b\" data-element_type=\"widget\" data-settings=\"{&quot;_animation&quot;:&quot;fadeIn&quot;,&quot;_animation_delay&quot;:0}\" data-widget_type=\"heading.default\">\n\t\t\t\t<div class=\"elementor-widget-container\">\n\t\t\t<h2 class=\"elementor-heading-title elementor-size-default\">Zaufali nam:<\/h2>\t\t<\/div>\n\t\t\t\t<\/div>\n\t\t\t\t\t<\/div>\n\t\t<\/div>\n\t\t\t\t<div class=\"elementor-column elementor-col-50 elementor-inner-column elementor-element elementor-element-075553e\" data-id=\"075553e\" data-element_type=\"column\">\n\t\t\t<div class=\"elementor-widget-wrap elementor-element-populated\">\n\t\t\t\t\t\t\t\t<div class=\"elementor-element elementor-element-bcf43a2 elementor-arrows-position-outside animated-slow elementor-invisible elementor-widget elementor-widget-image-carousel\" data-id=\"bcf43a2\" data-element_type=\"widget\" data-settings=\"{&quot;slides_to_show&quot;:&quot;4&quot;,&quot;slides_to_scroll&quot;:&quot;4&quot;,&quot;navigation&quot;:&quot;arrows&quot;,&quot;slides_to_show_tablet&quot;:&quot;3&quot;,&quot;slides_to_show_mobile&quot;:&quot;2&quot;,&quot;_animation&quot;:&quot;fadeIn&quot;,&quot;_animation_delay&quot;:300,&quot;image_spacing_custom&quot;:{&quot;unit&quot;:&quot;px&quot;,&quot;size&quot;:40,&quot;sizes&quot;:[]},&quot;autoplay&quot;:&quot;yes&quot;,&quot;pause_on_hover&quot;:&quot;yes&quot;,&quot;pause_on_interaction&quot;:&quot;yes&quot;,&quot;autoplay_speed&quot;:5000,&quot;infinite&quot;:&quot;yes&quot;,&quot;speed&quot;:500}\" data-widget_type=\"image-carousel.default\">\n\t\t\t\t<div class=\"elementor-widget-container\">\n\t\t\t<style>\/*! elementor - v3.5.6 - 28-02-2022 *\/\n.elementor-widget-image-carousel .swiper-container{position:static}.elementor-widget-image-carousel .swiper-container .swiper-slide figure{line-height:inherit}.elementor-widget-image-carousel .swiper-slide{text-align:center}.elementor-image-carousel-wrapper:not(.swiper-container-initialized) .swiper-slide{max-width:calc(100% \/ var(--e-image-carousel-slides-to-show, 3))}<\/style>\t\t<div class=\"elementor-image-carousel-wrapper swiper-container\" dir=\"ltr\">\n\t\t\t<div class=\"elementor-image-carousel swiper-wrapper\">\n\t\t\t\t\t\t\t\t<div class=\"swiper-slide\"><figure class=\"swiper-slide-inner\"><img class=\"swiper-slide-image\" src=\"https:\/\/bts.info.pl\/wp-content\/uploads\/2022\/03\/core_bts.info_.pl__files__logotypy_klientow_bumar.png\" alt=\"Logo Bumar\" \/><\/figure><\/div><div class=\"swiper-slide\"><figure class=\"swiper-slide-inner\"><img class=\"swiper-slide-image\" src=\"https:\/\/bts.info.pl\/wp-content\/uploads\/2022\/03\/core_bts.info_.pl__files__logotypy_klientow_cuchman.png\" alt=\"Logo Cushman &amp; Wakefield\" \/><\/figure><\/div><div class=\"swiper-slide\"><figure class=\"swiper-slide-inner\"><img class=\"swiper-slide-image\" src=\"https:\/\/bts.info.pl\/wp-content\/uploads\/2022\/03\/core_bts.info_.pl__files__logotypy_klientow_dominium.png\" alt=\"Logo Pizza Dominium\" \/><\/figure><\/div><div class=\"swiper-slide\"><figure class=\"swiper-slide-inner\"><img class=\"swiper-slide-image\" src=\"https:\/\/bts.info.pl\/wp-content\/uploads\/2022\/03\/core_bts.info_.pl__files__logotypy_klientow_grundig.png\" alt=\"Logo Grunding\" \/><\/figure><\/div><div class=\"swiper-slide\"><figure class=\"swiper-slide-inner\"><img class=\"swiper-slide-image\" src=\"https:\/\/bts.info.pl\/wp-content\/uploads\/2022\/03\/core_bts.info_.pl__files__logotypy_klientow_ironmountain.png\" alt=\"Logo Iron Mountain\" \/><\/figure><\/div><div class=\"swiper-slide\"><figure class=\"swiper-slide-inner\"><img class=\"swiper-slide-image\" src=\"https:\/\/bts.info.pl\/wp-content\/uploads\/2022\/03\/core_bts.info_.pl__files__logotypy_klientow_itr.png\" alt=\"Logo ITR\" \/><\/figure><\/div><div class=\"swiper-slide\"><figure class=\"swiper-slide-inner\"><img class=\"swiper-slide-image\" src=\"https:\/\/bts.info.pl\/wp-content\/uploads\/2022\/03\/core_bts.info_.pl__files__logotypy_klientow_jean-luis-david.png\" alt=\"Logo Jean Louis David\" \/><\/figure><\/div><div class=\"swiper-slide\"><figure class=\"swiper-slide-inner\"><img class=\"swiper-slide-image\" src=\"https:\/\/bts.info.pl\/wp-content\/uploads\/2022\/03\/core_bts.info_.pl__files__logotypy_klientow_kanlux.png\" alt=\"Logo Kanlux\" \/><\/figure><\/div><div class=\"swiper-slide\"><figure class=\"swiper-slide-inner\"><img class=\"swiper-slide-image\" src=\"https:\/\/bts.info.pl\/wp-content\/uploads\/2022\/03\/core_bts.info_.pl__files__logotypy_klientow_lotos.png\" alt=\"Logo Lotos\" \/><\/figure><\/div><div class=\"swiper-slide\"><figure class=\"swiper-slide-inner\"><img class=\"swiper-slide-image\" src=\"https:\/\/bts.info.pl\/wp-content\/uploads\/2022\/03\/core_bts.info_.pl__files__logotypy_klientow_notus.png\" alt=\"Logo Dom Kredytowy Notus\" \/><\/figure><\/div><div class=\"swiper-slide\"><figure class=\"swiper-slide-inner\"><img class=\"swiper-slide-image\" src=\"https:\/\/bts.info.pl\/wp-content\/uploads\/2022\/03\/core_bts.info_.pl__files__logotypy_klientow_pko.png\" alt=\"Logo PKO Bankowy leasing\" \/><\/figure><\/div><div class=\"swiper-slide\"><figure class=\"swiper-slide-inner\"><img class=\"swiper-slide-image\" src=\"https:\/\/bts.info.pl\/wp-content\/uploads\/2022\/03\/core_bts.info_.pl__files__logotypy_klientow_seat.png\" alt=\"Logo Seat\" \/><\/figure><\/div><div class=\"swiper-slide\"><figure class=\"swiper-slide-inner\"><img class=\"swiper-slide-image\" src=\"https:\/\/bts.info.pl\/wp-content\/uploads\/2022\/03\/core_bts.info_.pl__files__logotypy_klientow_siletc.png\" alt=\"Logo Siltec\" \/><\/figure><\/div><div class=\"swiper-slide\"><figure class=\"swiper-slide-inner\"><img class=\"swiper-slide-image\" src=\"https:\/\/bts.info.pl\/wp-content\/uploads\/2022\/03\/core_bts.info_.pl__files__logotypy_klientow_tvn.png\" alt=\"Logo TVN\" \/><\/figure><\/div><div class=\"swiper-slide\"><figure class=\"swiper-slide-inner\"><img class=\"swiper-slide-image\" src=\"https:\/\/bts.info.pl\/wp-content\/uploads\/2022\/03\/core_bts.info_.pl__files__png_hydro.png\" alt=\"Logo Hydroprojekt\" \/><\/figure><\/div><div class=\"swiper-slide\"><figure class=\"swiper-slide-inner\"><img class=\"swiper-slide-image\" src=\"https:\/\/bts.info.pl\/wp-content\/uploads\/2022\/03\/core_bts.info_.pl__files__png_pkp.png\" alt=\"Logo PKP\" \/><\/figure><\/div><div class=\"swiper-slide\"><figure class=\"swiper-slide-inner\"><img class=\"swiper-slide-image\" src=\"https:\/\/bts.info.pl\/wp-content\/uploads\/2022\/03\/core_bts.info_.pl__files__png_raiffeisen.png\" alt=\"Logo Raiffeisen Investments\" \/><\/figure><\/div>\t\t\t<\/div>\n\t\t\t\t\t\t\t\t\t\t\t\t\t\t\t\t<div class=\"elementor-swiper-button elementor-swiper-button-prev\">\n\t\t\t\t\t\t<i aria-hidden=\"true\" class=\"eicon-chevron-left\"><\/i>\t\t\t\t\t\t<span class=\"elementor-screen-only\">Poprzednie<\/span>\n\t\t\t\t\t<\/div>\n\t\t\t\t\t<div class=\"elementor-swiper-button elementor-swiper-button-next\">\n\t\t\t\t\t\t<i aria-hidden=\"true\" class=\"eicon-chevron-right\"><\/i>\t\t\t\t\t\t<span class=\"elementor-screen-only\">Nast\u0119pne<\/span>\n\t\t\t\t\t<\/div>\n\t\t\t\t\t\t\t\t\t<\/div>\n\t\t\t\t<\/div>\n\t\t\t\t<\/div>\n\t\t\t\t\t<\/div>\n\t\t<\/div>\n\t\t\t\t\t\t\t<\/div>\n\t\t<\/section>\n\t\t\t\t\t<\/div>\n\t\t<\/div>\n\t\t\t\t\t\t\t<\/div>\n\t\t<\/section>\n\t\t\t\t\t\t<\/div>\n\t\t\t\t\t<\/div>\n\t\t","protected":false},"excerpt":{"rendered":"<p>Klienci i do\u015bwiadczenie Nasi klienciPrzyk\u0142adowe t\u0142umaczenia ustnePrzyk\u0142adowe t\u0142umaczenia pisemneReferencje Zaufali nam: Poprzednie Nast\u0119pne<\/p>\n","protected":false},"author":1,"featured_media":0,"parent":0,"menu_order":0,"comment_status":"closed","ping_status":"closed","template":"","meta":[],"yoast_head":"<!-- This site is optimized with the Yoast SEO plugin v18.4.1 - https:\/\/yoast.com\/wordpress\/plugins\/seo\/ -->\n<title>Klienci i do\u015bwiadczenie - Majar Biuro T\u0142umacze\u0144 Specjalistycznych<\/title>\n<meta name=\"description\" content=\"Biuro t\u0142umacze\u0144 specjalistycznych Majar w Warszawie, T\u0142umaczenia we wszystkich j\u0119zykach, szybka wycena, wypo\u017cyczanie sprz\u0119tu do t\u0142umacze\u0144.\" \/>\n<meta name=\"robots\" content=\"index, follow, max-snippet:-1, max-image-preview:large, max-video-preview:-1\" \/>\n<link rel=\"canonical\" href=\"https:\/\/bts.info.pl\/?page_id=66\" \/>\n<meta property=\"og:locale\" content=\"pl_PL\" \/>\n<meta property=\"og:type\" content=\"article\" \/>\n<meta property=\"og:title\" content=\"Majar\" \/>\n<meta property=\"og:description\" content=\"Biuro t\u0142umacze\u0144 specjalistycznych Majar w Warszawie, T\u0142umaczenia we wszystkich j\u0119zykach, szybka wycena, wypo\u017cyczanie sprz\u0119tu do t\u0142umacze\u0144.\" \/>\n<meta property=\"og:url\" content=\"https:\/\/bts.info.pl\/?page_id=66\" \/>\n<meta property=\"og:site_name\" content=\"Majar Biuro T\u0142umacze\u0144 Specjalistycznych\" \/>\n<meta property=\"article:modified_time\" content=\"2025-12-15T15:10:17+00:00\" \/>\n<meta property=\"og:image\" content=\"https:\/\/bts.info.pl\/wp-content\/uploads\/2022\/03\/logo_Majar.png\" \/>\n\t<meta property=\"og:image:width\" content=\"700\" \/>\n\t<meta property=\"og:image:height\" content=\"267\" \/>\n\t<meta property=\"og:image:type\" content=\"image\/png\" \/>\n<meta name=\"twitter:card\" content=\"summary_large_image\" \/>\n<meta name=\"twitter:title\" content=\"Majar t\u0142umaczenia Warszawa\" \/>\n<meta name=\"twitter:description\" content=\"Biuro t\u0142umacze\u0144 specjalistycznych Majar w Warszawie, T\u0142umaczenia we wszystkich j\u0119zykach, szybka wycena, wypo\u017cyczanie sprz\u0119tu do t\u0142umacze\u0144.\" \/>\n<meta name=\"twitter:image\" content=\"https:\/\/bts.info.pl\/wp-content\/uploads\/2022\/03\/logo_Majar.png\" \/>\n<meta name=\"twitter:label1\" content=\"Szacowany czas czytania\" \/>\n\t<meta name=\"twitter:data1\" content=\"6 minut\" \/>\n<script type=\"application\/ld+json\" class=\"yoast-schema-graph\">{\"@context\":\"https:\/\/schema.org\",\"@graph\":[{\"@type\":\"WebSite\",\"@id\":\"https:\/\/bts.info.pl\/#website\",\"url\":\"https:\/\/bts.info.pl\/\",\"name\":\"Majar Biuro T\u0142umacze\u0144 Specjalistycznych\",\"description\":\"Kolejna witryna oparta na WordPressie\",\"potentialAction\":[{\"@type\":\"SearchAction\",\"target\":{\"@type\":\"EntryPoint\",\"urlTemplate\":\"https:\/\/bts.info.pl\/?s={search_term_string}\"},\"query-input\":\"required name=search_term_string\"}],\"inLanguage\":\"pl-PL\"},{\"@type\":\"ImageObject\",\"@id\":\"https:\/\/bts.info.pl\/?page_id=66#primaryimage\",\"inLanguage\":\"pl-PL\",\"url\":\"https:\/\/bts.info.pl\/wp-content\/uploads\/2022\/03\/logo_Majar.png\",\"contentUrl\":\"https:\/\/bts.info.pl\/wp-content\/uploads\/2022\/03\/logo_Majar.png\",\"width\":700,\"height\":267,\"caption\":\"Logo Biura T\u0142umacze\u0144 specjalistycznych Majar\"},{\"@type\":\"WebPage\",\"@id\":\"https:\/\/bts.info.pl\/?page_id=66#webpage\",\"url\":\"https:\/\/bts.info.pl\/?page_id=66\",\"name\":\"Klienci i do\u015bwiadczenie - Majar Biuro T\u0142umacze\u0144 Specjalistycznych\",\"isPartOf\":{\"@id\":\"https:\/\/bts.info.pl\/#website\"},\"primaryImageOfPage\":{\"@id\":\"https:\/\/bts.info.pl\/?page_id=66#primaryimage\"},\"datePublished\":\"2022-03-03T07:43:36+00:00\",\"dateModified\":\"2025-12-15T15:10:17+00:00\",\"description\":\"Biuro t\u0142umacze\u0144 specjalistycznych Majar w Warszawie, T\u0142umaczenia we wszystkich j\u0119zykach, szybka wycena, wypo\u017cyczanie sprz\u0119tu do t\u0142umacze\u0144.\",\"breadcrumb\":{\"@id\":\"https:\/\/bts.info.pl\/?page_id=66#breadcrumb\"},\"inLanguage\":\"pl-PL\",\"potentialAction\":[{\"@type\":\"ReadAction\",\"target\":[\"https:\/\/bts.info.pl\/?page_id=66\"]}]},{\"@type\":\"BreadcrumbList\",\"@id\":\"https:\/\/bts.info.pl\/?page_id=66#breadcrumb\",\"itemListElement\":[{\"@type\":\"ListItem\",\"position\":1,\"name\":\"Strona g\u0142\u00f3wna\",\"item\":\"https:\/\/bts.info.pl\/\"},{\"@type\":\"ListItem\",\"position\":2,\"name\":\"Klienci i do\u015bwiadczenie\"}]}]}<\/script>\n<!-- \/ Yoast SEO plugin. -->","yoast_head_json":{"title":"Klienci i do\u015bwiadczenie - Majar Biuro T\u0142umacze\u0144 Specjalistycznych","description":"Biuro t\u0142umacze\u0144 specjalistycznych Majar w Warszawie, T\u0142umaczenia we wszystkich j\u0119zykach, szybka wycena, wypo\u017cyczanie sprz\u0119tu do t\u0142umacze\u0144.","robots":{"index":"index","follow":"follow","max-snippet":"max-snippet:-1","max-image-preview":"max-image-preview:large","max-video-preview":"max-video-preview:-1"},"canonical":"https:\/\/bts.info.pl\/?page_id=66","og_locale":"pl_PL","og_type":"article","og_title":"Majar","og_description":"Biuro t\u0142umacze\u0144 specjalistycznych Majar w Warszawie, T\u0142umaczenia we wszystkich j\u0119zykach, szybka wycena, wypo\u017cyczanie sprz\u0119tu do t\u0142umacze\u0144.","og_url":"https:\/\/bts.info.pl\/?page_id=66","og_site_name":"Majar Biuro T\u0142umacze\u0144 Specjalistycznych","article_modified_time":"2025-12-15T15:10:17+00:00","og_image":[{"width":700,"height":267,"url":"https:\/\/bts.info.pl\/wp-content\/uploads\/2022\/03\/logo_Majar.png","type":"image\/png"}],"twitter_card":"summary_large_image","twitter_title":"Majar t\u0142umaczenia Warszawa","twitter_description":"Biuro t\u0142umacze\u0144 specjalistycznych Majar w Warszawie, T\u0142umaczenia we wszystkich j\u0119zykach, szybka wycena, wypo\u017cyczanie sprz\u0119tu do t\u0142umacze\u0144.","twitter_image":"https:\/\/bts.info.pl\/wp-content\/uploads\/2022\/03\/logo_Majar.png","twitter_misc":{"Szacowany czas czytania":"6 minut"},"schema":{"@context":"https:\/\/schema.org","@graph":[{"@type":"WebSite","@id":"https:\/\/bts.info.pl\/#website","url":"https:\/\/bts.info.pl\/","name":"Majar Biuro T\u0142umacze\u0144 Specjalistycznych","description":"Kolejna witryna oparta na WordPressie","potentialAction":[{"@type":"SearchAction","target":{"@type":"EntryPoint","urlTemplate":"https:\/\/bts.info.pl\/?s={search_term_string}"},"query-input":"required name=search_term_string"}],"inLanguage":"pl-PL"},{"@type":"ImageObject","@id":"https:\/\/bts.info.pl\/?page_id=66#primaryimage","inLanguage":"pl-PL","url":"https:\/\/bts.info.pl\/wp-content\/uploads\/2022\/03\/logo_Majar.png","contentUrl":"https:\/\/bts.info.pl\/wp-content\/uploads\/2022\/03\/logo_Majar.png","width":700,"height":267,"caption":"Logo Biura T\u0142umacze\u0144 specjalistycznych Majar"},{"@type":"WebPage","@id":"https:\/\/bts.info.pl\/?page_id=66#webpage","url":"https:\/\/bts.info.pl\/?page_id=66","name":"Klienci i do\u015bwiadczenie - Majar Biuro T\u0142umacze\u0144 Specjalistycznych","isPartOf":{"@id":"https:\/\/bts.info.pl\/#website"},"primaryImageOfPage":{"@id":"https:\/\/bts.info.pl\/?page_id=66#primaryimage"},"datePublished":"2022-03-03T07:43:36+00:00","dateModified":"2025-12-15T15:10:17+00:00","description":"Biuro t\u0142umacze\u0144 specjalistycznych Majar w Warszawie, T\u0142umaczenia we wszystkich j\u0119zykach, szybka wycena, wypo\u017cyczanie sprz\u0119tu do t\u0142umacze\u0144.","breadcrumb":{"@id":"https:\/\/bts.info.pl\/?page_id=66#breadcrumb"},"inLanguage":"pl-PL","potentialAction":[{"@type":"ReadAction","target":["https:\/\/bts.info.pl\/?page_id=66"]}]},{"@type":"BreadcrumbList","@id":"https:\/\/bts.info.pl\/?page_id=66#breadcrumb","itemListElement":[{"@type":"ListItem","position":1,"name":"Strona g\u0142\u00f3wna","item":"https:\/\/bts.info.pl\/"},{"@type":"ListItem","position":2,"name":"Klienci i do\u015bwiadczenie"}]}]}},"_links":{"self":[{"href":"https:\/\/bts.info.pl\/index.php?rest_route=\/wp\/v2\/pages\/66"}],"collection":[{"href":"https:\/\/bts.info.pl\/index.php?rest_route=\/wp\/v2\/pages"}],"about":[{"href":"https:\/\/bts.info.pl\/index.php?rest_route=\/wp\/v2\/types\/page"}],"author":[{"embeddable":true,"href":"https:\/\/bts.info.pl\/index.php?rest_route=\/wp\/v2\/users\/1"}],"replies":[{"embeddable":true,"href":"https:\/\/bts.info.pl\/index.php?rest_route=%2Fwp%2Fv2%2Fcomments&post=66"}],"version-history":[{"count":362,"href":"https:\/\/bts.info.pl\/index.php?rest_route=\/wp\/v2\/pages\/66\/revisions"}],"predecessor-version":[{"id":1754,"href":"https:\/\/bts.info.pl\/index.php?rest_route=\/wp\/v2\/pages\/66\/revisions\/1754"}],"wp:attachment":[{"href":"https:\/\/bts.info.pl\/index.php?rest_route=%2Fwp%2Fv2%2Fmedia&parent=66"}],"curies":[{"name":"wp","href":"https:\/\/api.w.org\/{rel}","templated":true}]}}