{"id":1335,"date":"2022-03-16T14:24:34","date_gmt":"2022-03-16T13:24:34","guid":{"rendered":"http:\/\/majar.wersjaprojektowa.pl\/?page_id=1335"},"modified":"2022-03-18T12:50:05","modified_gmt":"2022-03-18T11:50:05","slug":"przykladowe-tlumaczenia-ustne-majar","status":"publish","type":"page","link":"https:\/\/bts.info.pl\/?page_id=1335","title":{"rendered":"Przyk\u0142adowe t\u0142umaczenia ustne"},"content":{"rendered":"\t\t<div data-elementor-type=\"wp-page\" data-elementor-id=\"1335\" class=\"elementor elementor-1335\" data-elementor-settings=\"[]\">\n\t\t\t\t\t\t\t<div class=\"elementor-section-wrap\">\n\t\t\t\t\t\t\t<section class=\"elementor-section elementor-top-section elementor-element elementor-element-6a2f9ea1 elementor-section-boxed elementor-section-height-default elementor-section-height-default\" data-id=\"6a2f9ea1\" data-element_type=\"section\">\n\t\t\t\t\t\t<div class=\"elementor-container elementor-column-gap-default\">\n\t\t\t\t\t<div class=\"elementor-column elementor-col-100 elementor-top-column elementor-element elementor-element-5cf1aae6\" data-id=\"5cf1aae6\" data-element_type=\"column\">\n\t\t\t<div class=\"elementor-widget-wrap elementor-element-populated\">\n\t\t\t\t\t\t\t\t<div class=\"elementor-element elementor-element-6e45928c elementor-widget elementor-widget-heading\" data-id=\"6e45928c\" data-element_type=\"widget\" data-widget_type=\"heading.default\">\n\t\t\t\t<div class=\"elementor-widget-container\">\n\t\t\t<style>\/*! elementor - v3.5.6 - 28-02-2022 *\/\n.elementor-heading-title{padding:0;margin:0;line-height:1}.elementor-widget-heading .elementor-heading-title[class*=elementor-size-]>a{color:inherit;font-size:inherit;line-height:inherit}.elementor-widget-heading .elementor-heading-title.elementor-size-small{font-size:15px}.elementor-widget-heading .elementor-heading-title.elementor-size-medium{font-size:19px}.elementor-widget-heading .elementor-heading-title.elementor-size-large{font-size:29px}.elementor-widget-heading .elementor-heading-title.elementor-size-xl{font-size:39px}.elementor-widget-heading .elementor-heading-title.elementor-size-xxl{font-size:59px}<\/style><h2 class=\"elementor-heading-title elementor-size-default\">Przyk\u0142adowe t\u0142umaczenia ustne<\/h2>\t\t<\/div>\n\t\t\t\t<\/div>\n\t\t\t\t<section class=\"elementor-section elementor-inner-section elementor-element elementor-element-d1e3bba elementor-section-boxed elementor-section-height-default elementor-section-height-default\" data-id=\"d1e3bba\" data-element_type=\"section\">\n\t\t\t\t\t\t<div class=\"elementor-container elementor-column-gap-default\">\n\t\t\t\t\t<div class=\"elementor-column elementor-col-100 elementor-inner-column elementor-element elementor-element-48b420c\" data-id=\"48b420c\" data-element_type=\"column\">\n\t\t\t<div class=\"elementor-widget-wrap elementor-element-populated\">\n\t\t\t\t\t\t\t\t<div class=\"elementor-element elementor-element-c8a4399 elementor-widget elementor-widget-heading\" data-id=\"c8a4399\" data-element_type=\"widget\" data-widget_type=\"heading.default\">\n\t\t\t\t<div class=\"elementor-widget-container\">\n\t\t\t<h2 class=\"elementor-heading-title elementor-size-default\">Przyk\u0142ady t\u0142umacze\u0144 ustnych (symultanicznych i konsekutywnych) wraz z zapewnieniem sprz\u0119tu nag\u0142a\u015bniaj\u0105cego z kabinami.<\/h2>\t\t<\/div>\n\t\t\t\t<\/div>\n\t\t\t\t<div class=\"elementor-element elementor-element-ba690e7 elementor-widget elementor-widget-text-editor\" data-id=\"ba690e7\" data-element_type=\"widget\" data-widget_type=\"text-editor.default\">\n\t\t\t\t<div class=\"elementor-widget-container\">\n\t\t\t<style>\/*! elementor - v3.5.6 - 28-02-2022 *\/\n.elementor-widget-text-editor.elementor-drop-cap-view-stacked .elementor-drop-cap{background-color:#818a91;color:#fff}.elementor-widget-text-editor.elementor-drop-cap-view-framed .elementor-drop-cap{color:#818a91;border:3px solid;background-color:transparent}.elementor-widget-text-editor:not(.elementor-drop-cap-view-default) .elementor-drop-cap{margin-top:8px}.elementor-widget-text-editor:not(.elementor-drop-cap-view-default) .elementor-drop-cap-letter{width:1em;height:1em}.elementor-widget-text-editor .elementor-drop-cap{float:left;text-align:center;line-height:1;font-size:50px}.elementor-widget-text-editor .elementor-drop-cap-letter{display:inline-block}<\/style>\t\t\t\t<table class=\"standard\" width=\"310\" cellspacing=\"5\" cellpadding=\"6\"><tbody><tr class=\"even\"><td><strong>Lp.<\/strong><\/td><td><strong>Zleceniodawca<\/strong><\/td><td><strong>Tematyka<\/strong><\/td><td><strong>J\u0119zyk t\u0142umaczenia<\/strong><\/td><\/tr><tr class=\"odd\"><td>1<\/td><td><span class=\"c1\">GG Promotion Sp. z o. o.\u00a0<\/span><\/td><td>T\u0142umaczenie polega\u0142o na towarzyszeniu klientowi niemieckiemu na bankiecie.<\/td><td>T\u0142umaczenie w j. niemieckim.\u00a0<\/td><\/tr><tr class=\"even\"><td>2<\/td><td><span class=\"c1\">Grupa Kapita\u0142owa \u201eBusiness Consulting Group\u201d<\/span><\/td><td>T\u0142umaczenie maj\u0105ce na celu zawi\u0105zanie sp\u00f3lki.<\/td><td>T\u0142umaczenie w j. niemieckim.\u00a0<\/td><\/tr><tr class=\"odd\"><td>3<\/td><td><span class=\"c1\">Pall Poland Sp. z o. o.<\/span><\/td><td>T\u0142umaczenie dotycz\u0105ce za\u0142o\u017cenia sp\u00f3\u0142ki z o. o.<\/td><td>T\u0142umaczenie przysi\u0119g\u0142e w j. niemieckim.\u00a0<\/td><\/tr><tr class=\"even\"><td>4<\/td><td>XL Energy Marketing<\/td><td>T\u0142umaczenie jednodniowe w siedzibie firmy klienta.<\/td><td>T\u0142umaczenie przysi\u0119g\u0142e w j. angielskim.\u00a0<\/td><\/tr><tr class=\"odd\"><td>5<\/td><td>XL Energy Marketing<\/td><td>T\u0142umaczenie w siedzibie firmy klienta.<\/td><td>T\u0142umaczenie przysi\u0119g\u0142e w j. angielskim.\u00a0<\/td><\/tr><tr class=\"even\"><td>6<\/td><td>De\u2019 Medici &amp; Co Sp. z o. o.<\/td><td>Tematyka t\u0142umaczenia: akt zawi\u0105zania sp\u00f3\u0142ki.<\/td><td>T\u0142umaczenie w j. angielskim.\u00a0<\/td><\/tr><tr class=\"odd\"><td>7<\/td><td>XL Energy Marketing<\/td><td>Obecno\u015b\u0107 przy podpisie aktu notarialnego.<\/td><td>T\u0142umaczenie przysi\u0119g\u0142e w j. chi\u0144skim.\u00a0<\/td><\/tr><tr class=\"even\"><td>8<\/td><td>RE project development Sp. z o. o.<\/td><td>Temat t\u0142umaczenia: dokumenty firmowe sp\u00f3\u0142ki.<\/td><td>T\u0142umaczenie w j. angielskim.\u00a0<\/td><\/tr><tr class=\"odd\"><td>9<\/td><td>DACSA POLSKA Sp. z o. o.<\/td><td>T\u0142umaczenie przysi\u0119g\u0142e \u2013\u00a0 akt za\u0142o\u017cycielski sp\u00f3\u0142ki.<\/td><td>T\u0142umaczenie przysi\u0119g\u0142e w j. hiszpa\u0144skim.\u00a0<\/td><\/tr><tr class=\"even\"><td>10<\/td><td>Spektator Jadwiga Radyno<\/td><td>T\u0142umaczenie instrukcji w\u0142oskiego urz\u0105dzenia technicznego.<\/td><td>T\u0142umaczenie w j. w\u0142oskim.\u00a0<\/td><\/tr><tr class=\"odd\"><td>11<\/td><td>\u00a0<span class=\"c1\">G &amp; R Sp. z o. o.<\/span><\/td><td>T\u0142umaczenie jednodniowe w siedzibie firmy klienta.<\/td><td>T\u0142umaczenie przysi\u0119g\u0142e w j. angielskim.\u00a0<\/td><\/tr><tr class=\"even\"><td>12<\/td><td>Bingo Poland Sp. z o. o.<\/td><td>Temat spotkania: instrukcja urz\u0105dzenia do gier.<\/td><td>T\u0142umaczenie w j. angielskim.\u00a0<\/td><\/tr><tr class=\"odd\"><td>13<\/td><td>Kancelaria Notarialna, Czes\u0142aw Kocun i Gra\u017cyna Cyli\u0144ska<\/td><td>T\u0142umaczenie w Kancelarii Notarialnej.<\/td><td>T\u0142umaczenie przysi\u0119g\u0142e w j. angielskim.\u00a0<\/td><\/tr><tr class=\"even\"><td>14<\/td><td>XL Energy Marketing<\/td><td>T\u0142umaczenie jednodniowe w siedzibie firmy klienta.<\/td><td>T\u0142umaczenie przysi\u0119g\u0142e w j. angielskim.\u00a0<\/td><\/tr><tr class=\"odd\"><td>15<\/td><td>World Class Health Academy Polska Sp. z o. o.<\/td><td>T\u0142umaczenie wewn\u0119trzne dla firmy.<\/td><td>T\u0142umaczenie przysi\u0119g\u0142e w j. angielskim.\u00a0<\/td><\/tr><tr class=\"even\"><td>16<\/td><td>Sonar s. c.<\/td><td>T\u0142umaczenie jednodniowe, polegaj\u0105ce na t\u0142umaczeniu medycznym urz\u0105dzenia.<\/td><td>T\u0142umaczenie w j. hiszpa\u0144skim.\u00a0<\/td><\/tr><tr class=\"odd\"><td>17<\/td><td>Studio Pod\u0142\u00f3g Drewnianych<\/td><td>T\u0142umaczenie jednodniowe, polegaj\u0105ce na t\u0142umaczeniu struktur drewna.<\/td><td>T\u0142umaczenie w j. angielskim.\u00a0<\/td><\/tr><tr class=\"even\"><td>18<\/td><td>Emmerson \u2013 Zarz\u0105dzanie Sp. z o. o.<\/td><td>T\u0142umaczenie jednodniowe \u2013 t\u0142umaczenie aktu notarialnego.<\/td><td>T\u0142umaczenie w j. hiszpa\u0144skim.\u00a0<\/td><\/tr><tr class=\"odd\"><td>19<\/td><td>Core Sp. z o. o.<\/td><td>T\u0142umaczenie jednodniowe \u2013 t\u0142umaczenie aktu notarialnego.<\/td><td>T\u0142umaczenie w j. w\u0142oskim.\u00a0<\/td><\/tr><tr class=\"even\"><td>20<\/td><td>Open \u2013 Up Sp. z. o. o. Sp. komandytowa<\/td><td>T\u0142umaczenie na konferencji.<\/td><td>T\u0142umaczenie symultaniczne w j. angielskim.\u00a0<\/td><\/tr><tr class=\"odd\"><td>21<\/td><td>KHS AG Oddzia\u0142 w Polsce<\/td><td>T\u0142umaczenie przysi\u0119g\u0142e \u2013\u00a0 akt za\u0142o\u017cycielski sp\u00f3\u0142ki.<\/td><td>T\u0142umaczenie w j. angielskim.\u00a0<\/td><\/tr><tr class=\"even\"><td>22<\/td><td>Ambasada Kr\u00f3lestwa Norwegii, Dzia\u0142 Handlowy, WARTA TOWER<\/td><td>T\u0142umaczenie w j. angielskim.\u00a0<\/td><td>T\u0142umaczenie w j. angielskim.\u00a0<\/td><\/tr><tr class=\"odd\"><td>23<\/td><td>Emmerson \u2013 Zarz\u0105dzanie Sp. z o. o.<\/td><td>Uczestnictwo t\u0142umacza przy zawarciu aktu notarialnego.<\/td><td>T\u0142umaczenie przysi\u0119g\u0142e.\u00a0<\/td><\/tr><tr class=\"even\"><td>24<\/td><td>Glob Nieruchomo\u015bci Knyziak i \u017b\u00f3\u0142towski Sp. j.<\/td><td>T\u0142umaczenie dotycz\u0105ce za\u0142o\u017cenia sp\u00f3\u0142ki z o. o.<\/td><td>T\u0142umaczenie w j. francuskim.\u00a0<\/td><\/tr><tr class=\"odd\"><td>25<\/td><td>Grex Micha\u0142 Kucharski.<\/td><td>T\u0142umaczenie przysi\u0119g\u0142e aktu notarialnego.<\/td><td>T\u0142umaczenie w j. w\u0142oskim.\u00a0<\/td><\/tr><tr class=\"even\"><td>26<\/td><td>RAPP COLLINS Sp. z o. o.<\/td><td>T\u0142umaczenie aparatury medycznej<\/td><td>T\u0142umaczenie w j. angielskim.\u00a0<\/td><\/tr><tr class=\"odd\"><td>27<\/td><td>Iron Mountain Polska Sp. z. o. o.<\/td><td>T\u0142umaczenie handlowe w siedzibie firmy klienta.<\/td><td>T\u0142umaczenie w j. angielskim.\u00a0<\/td><\/tr><tr class=\"even\"><td>28<\/td><td>XL Energy Marketing<\/td><td>T\u0142umaczenie handlowe w siedzibie firmy klienta.<\/td><td>T\u0142umaczenie przysi\u0119g\u0142e w j. angielskim.\u00a0<\/td><\/tr><tr class=\"odd\"><td>29<\/td><td>Centrum Piekarnicze Targ\u00f3wek Sp. z o. o.<\/td><td>T\u0142umaczenie przysi\u0119g\u0142e w j. francuskim.\u00a0<\/td><td>T\u0142umaczenie przysi\u0119g\u0142e w j. francuskim.\u00a0<\/td><\/tr><tr class=\"even\"><td>30<\/td><td>Mazda Motor Logistics Europe Sp. z o. o. Oddzia\u0142 w Polsce<\/td><td>T\u0142umaczenie jednodniowe \u2013 t\u0142umaczenie aktu notarialnego.<\/td><td>T\u0142umaczenie przysi\u0119g\u0142e w j. angielskim.\u00a0<\/td><\/tr><tr class=\"odd\"><td>31<\/td><td>Centralny Zarz\u0105d S\u0142u\u017cby Wi\u0119ziennej Biuro Prezydialne<\/td><td>T\u0142umaczenie wyjazdowe polegaj\u0105ce na t\u0142umaczeniu dla grupy zawodowej z Mo\u0142dawii.<\/td><td>T\u0142umaczenie w j. rosyjskim, \u0142\u0105cznie 15 dni<\/td><\/tr><tr class=\"even\"><td>32<\/td><td>SKPT NSZZ Solidarno\u015b\u0107<\/td><td>Tematyka t\u0142umaczenia: Dyrektywy Europejskie dotycz\u0105ce Telekomunikacji, Urz\u0119d\u00f3w Regulacyjnych w Polsce i we Francji<\/td><td>T\u0142umaczenie w j\u0119zyku francuskim.\u00a0<\/td><\/tr><tr class=\"odd\"><td>33<\/td><td>Opera Tavel<\/td><td>T\u0142umaczenie dotycz\u0105ce za\u0142o\u017cenia sp\u00f3\u0142ki z o.o.<\/td><td>T\u0142umaczenie w j. francuskim.\u00a0<\/td><\/tr><tr class=\"even\"><td>34<\/td><td>Lingwejon Szko\u0142a J\u0119zyk\u00f3w Obcych<\/td><td>Tematyka t\u0142umaczenia: Traktaty Rzymskie i ich znaczenie dla integracji europejskiej. Dylematy rozwoju integracji europejskiej a wyzwania globalizacji<\/td><td>T\u0142umaczenia symultaniczne.\u00a0<\/td><\/tr><tr class=\"odd\"><td>35<\/td><td>Amida Games<\/td><td>Tematyka t\u0142umaczenia: bran\u017cowe rozmowy w zakresie przemys\u0142u urz\u0105dze\u0144 rozrywkowych<\/td><td>T\u0142umaczenie w j. w\u0142oskim na Targach EXPO WARSZAWA<\/td><\/tr><tr class=\"even\"><td>36<\/td><td>Biuro Nieruchomo\u015bci LOKATTA<\/td><td>T\u0142umaczenie dotycz\u0105ce sprzeda\u017cy nieruchomo\u015bci.\u00a0<\/td><td>T\u0142umaczenie dotycz\u0105ce sprzeda\u017cy nieruchomo\u015bci.\u00a0<\/td><\/tr><tr class=\"odd\"><td>37<\/td><td>BMP Abogados Polska Sp. z o.o.<\/td><td>Tematyka t\u0142umaczenia: towarzyszenie przy sporz\u0105dzaniu umowy notarialnej<\/td><td>Tematyka t\u0142umaczenia: towarzyszenie przy sporz\u0105dzaniu umowy notarialnej<\/td><\/tr><tr class=\"even\"><td>38<\/td><td>Akces Nieruchomo\u015bci<\/td><td>Tematyka spotkania: rynek nieruchomo\u015bci<\/td><td>T\u0142umaczenie w j. rosyjskim.\u00a0<\/td><\/tr><tr class=\"odd\"><td>39<\/td><td>Core Sp. z o.o.<\/td><td>Tematyka t\u0142umaczenia: akt zawi\u0105zania sp\u00f3\u0142ki<\/td><td>T\u0142umaczenie w j. w\u0142oskim w Kancelarii Notarialnej w Warszawie.<\/td><\/tr><tr class=\"even\"><td>40<\/td><td>DEFACTO Sp. z o.o.<\/td><td>T\u0142umaczenie polega\u0142o na towarzyszeniu grupie businessman\u00f3w europejskich przy zwiedzaniu Warszawy<\/td><td>T\u0142umaczenie w j. francuskim.\u00a0<\/td><\/tr><\/tbody><\/table>\t\t\t\t\t\t<\/div>\n\t\t\t\t<\/div>\n\t\t\t\t\t<\/div>\n\t\t<\/div>\n\t\t\t\t\t\t\t<\/div>\n\t\t<\/section>\n\t\t\t\t\t<\/div>\n\t\t<\/div>\n\t\t\t\t\t\t\t<\/div>\n\t\t<\/section>\n\t\t\t\t\t\t<\/div>\n\t\t\t\t\t<\/div>\n\t\t","protected":false},"excerpt":{"rendered":"<p>Przyk\u0142adowe t\u0142umaczenia ustne Przyk\u0142ady t\u0142umacze\u0144 ustnych (symultanicznych i konsekutywnych) wraz z zapewnieniem sprz\u0119tu nag\u0142a\u015bniaj\u0105cego z kabinami. Lp. Zleceniodawca Tematyka J\u0119zyk t\u0142umaczenia 1 GG Promotion Sp. z o. o.&nbsp; T\u0142umaczenie polega\u0142o na towarzyszeniu klientowi niemieckiemu na bankiecie. T\u0142umaczenie w j. niemieckim.&nbsp; 2 Grupa Kapita\u0142owa \u201eBusiness Consulting Group\u201d T\u0142umaczenie maj\u0105ce na celu zawi\u0105zanie sp\u00f3lki. T\u0142umaczenie w j. [&hellip;]<\/p>\n","protected":false},"author":1,"featured_media":0,"parent":0,"menu_order":0,"comment_status":"closed","ping_status":"closed","template":"elementor_header_footer","meta":[],"yoast_head":"<!-- This site is optimized with the Yoast SEO plugin v18.4.1 - https:\/\/yoast.com\/wordpress\/plugins\/seo\/ -->\n<title>Przyk\u0142adowe t\u0142umaczenia ustne - Majar Biuro T\u0142umacze\u0144 Specjalistycznych<\/title>\n<meta name=\"description\" content=\"Biuro t\u0142umacze\u0144 specjalistycznych Majar w Warszawie, T\u0142umaczenia we wszystkich j\u0119zykach, szybka wycena, wypo\u017cyczanie sprz\u0119tu do t\u0142umacze\u0144.\" \/>\n<meta name=\"robots\" content=\"index, follow, max-snippet:-1, max-image-preview:large, max-video-preview:-1\" \/>\n<link rel=\"canonical\" href=\"https:\/\/bts.info.pl\/?page_id=1335\" \/>\n<meta property=\"og:locale\" content=\"pl_PL\" \/>\n<meta property=\"og:type\" content=\"article\" \/>\n<meta property=\"og:title\" content=\"Majar przyk\u0142adowe t\u0142umaczenia ustne\" \/>\n<meta property=\"og:description\" content=\"Biuro t\u0142umacze\u0144 specjalistycznych Majar w Warszawie, T\u0142umaczenia we wszystkich j\u0119zykach, szybka wycena, wypo\u017cyczanie sprz\u0119tu do t\u0142umacze\u0144.\" \/>\n<meta property=\"og:url\" content=\"https:\/\/bts.info.pl\/?page_id=1335\" \/>\n<meta property=\"og:site_name\" content=\"Majar Biuro T\u0142umacze\u0144 Specjalistycznych\" \/>\n<meta property=\"article:modified_time\" content=\"2022-03-18T11:50:05+00:00\" \/>\n<meta property=\"og:image\" content=\"https:\/\/bts.info.pl\/wp-content\/uploads\/2022\/03\/logo_Majar-1.png\" \/>\n\t<meta property=\"og:image:width\" content=\"700\" \/>\n\t<meta property=\"og:image:height\" content=\"267\" \/>\n\t<meta property=\"og:image:type\" content=\"image\/png\" \/>\n<meta name=\"twitter:card\" content=\"summary_large_image\" \/>\n<meta name=\"twitter:title\" content=\"Majar przyk\u0142adowe t\u0142umaczenia ustne\" \/>\n<meta name=\"twitter:description\" content=\"Biuro t\u0142umacze\u0144 specjalistycznych Majar w Warszawie, T\u0142umaczenia we wszystkich j\u0119zykach, szybka wycena, wypo\u017cyczanie sprz\u0119tu do t\u0142umacze\u0144.\" \/>\n<meta name=\"twitter:image\" content=\"https:\/\/bts.info.pl\/wp-content\/uploads\/2022\/03\/logo_Majar-1.png\" \/>\n<meta name=\"twitter:label1\" content=\"Szacowany czas czytania\" \/>\n\t<meta name=\"twitter:data1\" content=\"5 minut\" \/>\n<script type=\"application\/ld+json\" class=\"yoast-schema-graph\">{\"@context\":\"https:\/\/schema.org\",\"@graph\":[{\"@type\":\"WebSite\",\"@id\":\"https:\/\/bts.info.pl\/#website\",\"url\":\"https:\/\/bts.info.pl\/\",\"name\":\"Majar Biuro T\u0142umacze\u0144 Specjalistycznych\",\"description\":\"Kolejna witryna oparta na WordPressie\",\"potentialAction\":[{\"@type\":\"SearchAction\",\"target\":{\"@type\":\"EntryPoint\",\"urlTemplate\":\"https:\/\/bts.info.pl\/?s={search_term_string}\"},\"query-input\":\"required name=search_term_string\"}],\"inLanguage\":\"pl-PL\"},{\"@type\":\"ImageObject\",\"@id\":\"https:\/\/bts.info.pl\/?page_id=1335#primaryimage\",\"inLanguage\":\"pl-PL\",\"url\":\"https:\/\/bts.info.pl\/wp-content\/uploads\/2022\/03\/logo_Majar-1.png\",\"contentUrl\":\"https:\/\/bts.info.pl\/wp-content\/uploads\/2022\/03\/logo_Majar-1.png\",\"width\":700,\"height\":267,\"caption\":\"logo Biura T\u0142umacze\u0144 specjalistycznych Majar\"},{\"@type\":\"WebPage\",\"@id\":\"https:\/\/bts.info.pl\/?page_id=1335#webpage\",\"url\":\"https:\/\/bts.info.pl\/?page_id=1335\",\"name\":\"Przyk\u0142adowe t\u0142umaczenia ustne - Majar Biuro T\u0142umacze\u0144 Specjalistycznych\",\"isPartOf\":{\"@id\":\"https:\/\/bts.info.pl\/#website\"},\"datePublished\":\"2022-03-16T13:24:34+00:00\",\"dateModified\":\"2022-03-18T11:50:05+00:00\",\"description\":\"Biuro t\u0142umacze\u0144 specjalistycznych Majar w Warszawie, T\u0142umaczenia we wszystkich j\u0119zykach, szybka wycena, wypo\u017cyczanie sprz\u0119tu do t\u0142umacze\u0144.\",\"breadcrumb\":{\"@id\":\"https:\/\/bts.info.pl\/?page_id=1335#breadcrumb\"},\"inLanguage\":\"pl-PL\",\"potentialAction\":[{\"@type\":\"ReadAction\",\"target\":[\"https:\/\/bts.info.pl\/?page_id=1335\"]}]},{\"@type\":\"BreadcrumbList\",\"@id\":\"https:\/\/bts.info.pl\/?page_id=1335#breadcrumb\",\"itemListElement\":[{\"@type\":\"ListItem\",\"position\":1,\"name\":\"Strona g\u0142\u00f3wna\",\"item\":\"https:\/\/bts.info.pl\/\"},{\"@type\":\"ListItem\",\"position\":2,\"name\":\"Przyk\u0142adowe t\u0142umaczenia ustne\"}]}]}<\/script>\n<!-- \/ Yoast SEO plugin. -->","yoast_head_json":{"title":"Przyk\u0142adowe t\u0142umaczenia ustne - Majar Biuro T\u0142umacze\u0144 Specjalistycznych","description":"Biuro t\u0142umacze\u0144 specjalistycznych Majar w Warszawie, T\u0142umaczenia we wszystkich j\u0119zykach, szybka wycena, wypo\u017cyczanie sprz\u0119tu do t\u0142umacze\u0144.","robots":{"index":"index","follow":"follow","max-snippet":"max-snippet:-1","max-image-preview":"max-image-preview:large","max-video-preview":"max-video-preview:-1"},"canonical":"https:\/\/bts.info.pl\/?page_id=1335","og_locale":"pl_PL","og_type":"article","og_title":"Majar przyk\u0142adowe t\u0142umaczenia ustne","og_description":"Biuro t\u0142umacze\u0144 specjalistycznych Majar w Warszawie, T\u0142umaczenia we wszystkich j\u0119zykach, szybka wycena, wypo\u017cyczanie sprz\u0119tu do t\u0142umacze\u0144.","og_url":"https:\/\/bts.info.pl\/?page_id=1335","og_site_name":"Majar Biuro T\u0142umacze\u0144 Specjalistycznych","article_modified_time":"2022-03-18T11:50:05+00:00","og_image":[{"width":700,"height":267,"url":"https:\/\/bts.info.pl\/wp-content\/uploads\/2022\/03\/logo_Majar-1.png","type":"image\/png"}],"twitter_card":"summary_large_image","twitter_title":"Majar przyk\u0142adowe t\u0142umaczenia ustne","twitter_description":"Biuro t\u0142umacze\u0144 specjalistycznych Majar w Warszawie, T\u0142umaczenia we wszystkich j\u0119zykach, szybka wycena, wypo\u017cyczanie sprz\u0119tu do t\u0142umacze\u0144.","twitter_image":"https:\/\/bts.info.pl\/wp-content\/uploads\/2022\/03\/logo_Majar-1.png","twitter_misc":{"Szacowany czas czytania":"5 minut"},"schema":{"@context":"https:\/\/schema.org","@graph":[{"@type":"WebSite","@id":"https:\/\/bts.info.pl\/#website","url":"https:\/\/bts.info.pl\/","name":"Majar Biuro T\u0142umacze\u0144 Specjalistycznych","description":"Kolejna witryna oparta na WordPressie","potentialAction":[{"@type":"SearchAction","target":{"@type":"EntryPoint","urlTemplate":"https:\/\/bts.info.pl\/?s={search_term_string}"},"query-input":"required name=search_term_string"}],"inLanguage":"pl-PL"},{"@type":"ImageObject","@id":"https:\/\/bts.info.pl\/?page_id=1335#primaryimage","inLanguage":"pl-PL","url":"https:\/\/bts.info.pl\/wp-content\/uploads\/2022\/03\/logo_Majar-1.png","contentUrl":"https:\/\/bts.info.pl\/wp-content\/uploads\/2022\/03\/logo_Majar-1.png","width":700,"height":267,"caption":"logo Biura T\u0142umacze\u0144 specjalistycznych Majar"},{"@type":"WebPage","@id":"https:\/\/bts.info.pl\/?page_id=1335#webpage","url":"https:\/\/bts.info.pl\/?page_id=1335","name":"Przyk\u0142adowe t\u0142umaczenia ustne - Majar Biuro T\u0142umacze\u0144 Specjalistycznych","isPartOf":{"@id":"https:\/\/bts.info.pl\/#website"},"datePublished":"2022-03-16T13:24:34+00:00","dateModified":"2022-03-18T11:50:05+00:00","description":"Biuro t\u0142umacze\u0144 specjalistycznych Majar w Warszawie, T\u0142umaczenia we wszystkich j\u0119zykach, szybka wycena, wypo\u017cyczanie sprz\u0119tu do t\u0142umacze\u0144.","breadcrumb":{"@id":"https:\/\/bts.info.pl\/?page_id=1335#breadcrumb"},"inLanguage":"pl-PL","potentialAction":[{"@type":"ReadAction","target":["https:\/\/bts.info.pl\/?page_id=1335"]}]},{"@type":"BreadcrumbList","@id":"https:\/\/bts.info.pl\/?page_id=1335#breadcrumb","itemListElement":[{"@type":"ListItem","position":1,"name":"Strona g\u0142\u00f3wna","item":"https:\/\/bts.info.pl\/"},{"@type":"ListItem","position":2,"name":"Przyk\u0142adowe t\u0142umaczenia ustne"}]}]}},"_links":{"self":[{"href":"https:\/\/bts.info.pl\/index.php?rest_route=\/wp\/v2\/pages\/1335"}],"collection":[{"href":"https:\/\/bts.info.pl\/index.php?rest_route=\/wp\/v2\/pages"}],"about":[{"href":"https:\/\/bts.info.pl\/index.php?rest_route=\/wp\/v2\/types\/page"}],"author":[{"embeddable":true,"href":"https:\/\/bts.info.pl\/index.php?rest_route=\/wp\/v2\/users\/1"}],"replies":[{"embeddable":true,"href":"https:\/\/bts.info.pl\/index.php?rest_route=%2Fwp%2Fv2%2Fcomments&post=1335"}],"version-history":[{"count":57,"href":"https:\/\/bts.info.pl\/index.php?rest_route=\/wp\/v2\/pages\/1335\/revisions"}],"predecessor-version":[{"id":1631,"href":"https:\/\/bts.info.pl\/index.php?rest_route=\/wp\/v2\/pages\/1335\/revisions\/1631"}],"wp:attachment":[{"href":"https:\/\/bts.info.pl\/index.php?rest_route=%2Fwp%2Fv2%2Fmedia&parent=1335"}],"curies":[{"name":"wp","href":"https:\/\/api.w.org\/{rel}","templated":true}]}}