{"id":1320,"date":"2022-03-16T14:14:42","date_gmt":"2022-03-16T13:14:42","guid":{"rendered":"http:\/\/majar.wersjaprojektowa.pl\/?page_id=1320"},"modified":"2022-03-18T11:55:17","modified_gmt":"2022-03-18T10:55:17","slug":"nasi-klienci","status":"publish","type":"page","link":"https:\/\/bts.info.pl\/?page_id=1320","title":{"rendered":"Nasi klienci"},"content":{"rendered":"\t\t<div data-elementor-type=\"wp-page\" data-elementor-id=\"1320\" class=\"elementor elementor-1320\" data-elementor-settings=\"[]\">\n\t\t\t\t\t\t\t<div class=\"elementor-section-wrap\">\n\t\t\t\t\t\t\t<section class=\"elementor-section elementor-top-section elementor-element elementor-element-4992e0a5 elementor-section-boxed elementor-section-height-default elementor-section-height-default\" data-id=\"4992e0a5\" data-element_type=\"section\">\n\t\t\t\t\t\t<div class=\"elementor-container elementor-column-gap-default\">\n\t\t\t\t\t<div class=\"elementor-column elementor-col-100 elementor-top-column elementor-element elementor-element-fcb715b\" data-id=\"fcb715b\" data-element_type=\"column\">\n\t\t\t<div class=\"elementor-widget-wrap elementor-element-populated\">\n\t\t\t\t\t\t\t\t<div class=\"elementor-element elementor-element-5b2c6601 elementor-widget elementor-widget-heading\" data-id=\"5b2c6601\" data-element_type=\"widget\" data-widget_type=\"heading.default\">\n\t\t\t\t<div class=\"elementor-widget-container\">\n\t\t\t<style>\/*! elementor - v3.5.6 - 28-02-2022 *\/\n.elementor-heading-title{padding:0;margin:0;line-height:1}.elementor-widget-heading .elementor-heading-title[class*=elementor-size-]>a{color:inherit;font-size:inherit;line-height:inherit}.elementor-widget-heading .elementor-heading-title.elementor-size-small{font-size:15px}.elementor-widget-heading .elementor-heading-title.elementor-size-medium{font-size:19px}.elementor-widget-heading .elementor-heading-title.elementor-size-large{font-size:29px}.elementor-widget-heading .elementor-heading-title.elementor-size-xl{font-size:39px}.elementor-widget-heading .elementor-heading-title.elementor-size-xxl{font-size:59px}<\/style><h2 class=\"elementor-heading-title elementor-size-default\">Nasi klienci<\/h2>\t\t<\/div>\n\t\t\t\t<\/div>\n\t\t\t\t<div class=\"elementor-element elementor-element-6432eba elementor-widget elementor-widget-text-editor\" data-id=\"6432eba\" data-element_type=\"widget\" data-widget_type=\"text-editor.default\">\n\t\t\t\t<div class=\"elementor-widget-container\">\n\t\t\t<style>\/*! elementor - v3.5.6 - 28-02-2022 *\/\n.elementor-widget-text-editor.elementor-drop-cap-view-stacked .elementor-drop-cap{background-color:#818a91;color:#fff}.elementor-widget-text-editor.elementor-drop-cap-view-framed .elementor-drop-cap{color:#818a91;border:3px solid;background-color:transparent}.elementor-widget-text-editor:not(.elementor-drop-cap-view-default) .elementor-drop-cap{margin-top:8px}.elementor-widget-text-editor:not(.elementor-drop-cap-view-default) .elementor-drop-cap-letter{width:1em;height:1em}.elementor-widget-text-editor .elementor-drop-cap{float:left;text-align:center;line-height:1;font-size:50px}.elementor-widget-text-editor .elementor-drop-cap-letter{display:inline-block}<\/style>\t\t\t\t<table width=\"482\"><tbody><tr><td><ul><li>A. Schulman Polska Sp. z o. o.<\/li><\/ul><\/td><\/tr><tr><td><ul><li>Adviser Sp.z o.o.<\/li><\/ul><\/td><\/tr><tr><td><ul><li>Aero \u2013 Medika Sp. z o. o.<\/li><\/ul><\/td><\/tr><tr><td><ul><li>Alcan Packaging Z\u0142ot\u00f3w Sp. z o.o.<\/li><\/ul><\/td><\/tr><tr><td><ul><li>Alter Next Sp. z o.o.<\/li><\/ul><\/td><\/tr><tr><td><ul><li>Atara Sp. z o.o.<\/li><\/ul><\/td><\/tr><tr><td><ul><li>Atlas Copco Polska Sp. z o.o.<\/li><\/ul><\/td><\/tr><tr><td><ul><li>Bank Zachodni WBK S.A. 9 Oddzia\u0142 w Warszawie<\/li><\/ul><\/td><\/tr><tr><td><ul><li>Baranowski Jacek Kancelaria Radcy Prawnego<\/li><\/ul><\/td><\/tr><tr><td><ul><li>\u201eBiomak\u201d Sp. J.<\/li><\/ul><\/td><\/tr><tr><td><ul><li>Ma\u0142gorzata Kie\u0142bowska, Sylwester Kie\u0142bowski<\/li><\/ul><\/td><\/tr><tr><td><ul><li>Bio-Tech Sp. z o.o.<\/li><\/ul><\/td><\/tr><tr><td><ul><li>Biotech-Varsovia Sp. z o.o.<\/li><\/ul><\/td><\/tr><tr><td><ul><li>Biuro Prawne i Doradztwa Podatkowego<\/li><\/ul><\/td><\/tr><tr><td><ul><li>Wojciech Paradowski<\/li><\/ul><\/td><\/tr><tr><td><ul><li>BTI Wojciech M. Kossowski<\/li><\/ul><\/td><\/tr><tr><td><ul><li>Bulmine Global Metal Trading<\/li><\/ul><\/td><\/tr><tr><td><ul><li>Jednoosobowa Prywatna Sp\u00f3\u0142ka z o.o. \u00a0 Przedstawicielstwo w Polsce<\/li><\/ul><\/td><\/tr><tr><td><ul><li>Bunte Polska Sp. z o.o.<\/li><\/ul><\/td><\/tr><tr><td><ul><li>Butkiewicz &amp; Partner Sp. z o.o.<\/li><\/ul><\/td><\/tr><tr><td><ul><li>Calan &amp; Associes Sp. z o.o.<\/li><\/ul><\/td><\/tr><tr><td><ul><li>Cambridge School of English Jolanta Gruhn<\/li><\/ul><\/td><\/tr><tr><td><ul><li>Carrier Polska Sp. z o.o.<\/li><\/ul><\/td><\/tr><tr><td><ul><li>Claim Consulting Sp. z o.o.<\/li><\/ul><\/td><\/tr><tr><td><ul><li>Consultus Kancelaria Prawna<\/li><\/ul><\/td><\/tr><tr><td><ul><li>A. Pasak Sp. K.<\/li><\/ul><\/td><\/tr><tr><td><ul><li>Creditreform Polska Sp. z o.o.<\/li><\/ul><\/td><\/tr><tr><td><ul><li>\u201eCzarnecki &amp; Bagi\u0144ska\u201d<\/li><\/ul><\/td><\/tr><tr><td><ul><li>\u00a0\u00a0 Adwokaci i Radcowie Prawni sp. k.<\/li><\/ul><\/td><\/tr><tr><td><ul><li>Cyber Service S.A.<\/li><\/ul><\/td><\/tr><tr><td><ul><li>D+S europe polska Sp. z o.o.<\/li><\/ul><\/td><\/tr><tr><td><ul><li>Daily Cafe Sp. J.<\/li><\/ul><\/td><\/tr><tr><td><ul><li>Dantherm Filtration Sp. z o.o.<\/li><\/ul><\/td><\/tr><tr><td><ul><li>Degremont S.A. Oddzia\u0142 w Polsce<\/li><\/ul><\/td><\/tr><tr><td><ul><li>Ensival Polska Sp. z o.o.<\/li><\/ul><\/td><\/tr><tr><td><ul><li>Euler Hermes, Anna Kozi\u0144ska Kancelaria Prawna sp\u00f3\u0142ka komandytowa<\/li><\/ul><\/td><\/tr><tr><td><ul><li>Eunite Poland Sp. z o.o.<\/li><\/ul><\/td><\/tr><tr><td><ul><li>Europejskie Konsorcjum Kolejowe Wagon Sp. z o.o.<\/li><\/ul><\/td><\/tr><tr><td><ul><li>Fischer Air Polska Sp. z o. o.<\/li><\/ul><\/td><\/tr><tr><td><ul><li>Gabriel-Chemie Polska sp. z o.o.<\/li><\/ul><\/td><\/tr><tr><td><ul><li>Gemium Polska Sp. z o.o.<\/li><\/ul><\/td><\/tr><tr><td><ul><li>G.N.A. S.A.<\/li><\/ul><\/td><\/tr><tr><td><ul><li>Graham Packaging Poland Sp. z o.o.<\/li><\/ul><\/td><\/tr><tr><td><ul><li>HDI Samopomoc TU S.A.<\/li><\/ul><\/td><\/tr><tr><td><ul><li>Heco HGmbH Sp. z o.o.<\/li><\/ul><\/td><\/tr><tr><td><ul><li>Heitkamp Rail GmbH<\/li><\/ul><\/td><\/tr><tr><td><ul><li>Hiestand Polska Sp. z o.o.<\/li><\/ul><\/td><\/tr><tr><td><ul><li>Hochtief Polska Sp. z o.o.<\/li><\/ul><\/td><\/tr><tr><td><ul><li>Hollister Sp. z o.o.<\/li><\/ul><\/td><\/tr><tr><td><ul><li>Hydrobudowa-6 S.A.<\/li><\/ul><\/td><\/tr><tr><td><ul><li>Indos \u2013 Warszawa Sp. z o.o.<\/li><\/ul><\/td><\/tr><tr><td><ul><li>Infogest Sp. z o.o.<\/li><\/ul><\/td><\/tr><tr><td><ul><li>Instytut Szk\u0142a i Ceramiki<\/li><\/ul><\/td><\/tr><tr><td><ul><li>Janser Polska Sp. z o.o.<\/li><\/ul><\/td><\/tr><tr><td><ul><li>\u00a0\u00a0 Joint Venture<\/li><\/ul><\/td><\/tr><tr><td><ul><li>Kancelaria Adwokat\u00f3w i Radc\u00f3w<\/li><\/ul><\/td><\/tr><tr><td><ul><li>Prawnych Boryczko, Malinowska, \u015awi\u0105tkowski i Partnerzy<\/li><\/ul><\/td><\/tr><tr><td><ul><li>Kancelaria Adwokacka Ma\u0142ecki &amp; Rych\u0142owski Sp\u00f3\u0142ka cywilna<\/li><\/ul><\/td><\/tr><tr><td><ul><li>Kancelaria Adwokat\u00f3w i Radc\u00f3w Prawnych<\/li><\/ul><p>\u00a0\u00a0\u00a0 \u00a0 Niedziela, Zieli\u0144ski i Wsp\u00f3lnicy<\/p><\/td><\/tr><tr><td><ul><li>Kancelaria Gardocki i Partnerzy<\/li><\/ul><p>Adwokaci i Radcowie Prawni<\/p><\/td><\/tr><tr><td><ul><li>Kancelaria Prawna Bie\u0144kowska i Wocial<\/li><\/ul><\/td><\/tr><tr><td><ul><li>Kancelaria Prawnicza Maciej Panfil i Partnerzy<\/li><\/ul><p>\u00a0\u00a0\u00a0 \u00a0 Sp\u00f3\u0142ka Komandytowa \u00a0\u00a0 \u00a0<\/p><\/td><\/tr><tr><td><ul><li>Kancelaria Prawnicza Evico J. Tomaszewska,<\/li><\/ul><p>B. Tomaszewski Sp. j.<\/p><\/td><\/tr><tr><td><ul><li>Kancelaria Prawnicza HS J. Samochocka i Partnerzy<\/li><\/ul><p>Sp\u00f3\u0142ka Komandytowa<\/p><\/td><\/tr><tr><td><ul><li>Kancelaria Radc\u00f3w Prawnych<\/li><\/ul><p>Leszek Czarny, Wojciech Budny i Wsp\u00f3lnicy \u00a0 sp\u00f3\u0142ka komandytowa<\/p><\/td><\/tr><tr><td><ul><li>Kasa Rolniczego Ubezpieczenia<\/li><\/ul><p>Spo\u0142ecznego Oddzia\u0142 Regionalny \u00a0 w Ostrowie Wielkopolskim<\/p><\/td><\/tr><tr><td><ul><li>Komo Sp\u00f3\u0142ka z o. o.<\/li><\/ul><\/td><\/tr><tr><td><ul><li>Krzysztof Barnat Adwokat<\/li><\/ul><\/td><\/tr><tr><td><ul><li>Level M. Sikorska, K. Karpi\u0144ski<\/li><\/ul><\/td><\/tr><tr><td><ul><li>Lider M. Sza\u0142as &amp; G. Podg\u00f3rski<\/li><\/ul><\/td><\/tr><tr><td><ul><li>Lizard<\/li><\/ul><\/td><\/tr><tr><td><ul><li>Mosso Kwa\u015bniewscy sp. jawna<\/li><\/ul><\/td><\/tr><tr><td><ul><li>Nijjar Impex Sp. z o. o.<\/li><\/ul><\/td><\/tr><tr><td><ul><li>Normstahl-Polska Sp. z o.o.<\/li><\/ul><\/td><\/tr><tr><td><ul><li>OMV Polska Sp. z o.o.<\/li><\/ul><\/td><\/tr><tr><td><ul><li>Orbis Transport Sp. z o. o.<\/li><\/ul><\/td><\/tr><tr><td><ul><li>Plaza Centers (Poland) Sp. z o.o.<\/li><\/ul><\/td><\/tr><tr><td><ul><li>PKP Intercity Sp. z o.o.<\/li><\/ul><\/td><\/tr><tr><td><ul><li>PKP Polskie Linie Kolejowe<\/li><\/ul><\/td><\/tr><tr><td><ul><li>\u00a0 Sp\u00f3\u0142ka Akcyjna<\/li><\/ul><\/td><\/tr><tr><td><ul><li>RKW Rhode Kellermann<\/li><\/ul><\/td><\/tr><tr><td><ul><li>\u00a0 Wawrowsky Polska Sp. z o. o.<\/li><\/ul><\/td><\/tr><tr><td><ul><li>PM Group Polska Sp. z o.o.<\/li><\/ul><\/td><\/tr><tr><td><ul><li>Pociej, Dubois i Wsp\u00f3lnicy \u201cKancelaria Adwokacka\u201d sp\u00f3\u0142ka jawna<\/li><\/ul><\/td><\/tr><tr><td><ul><li>Polenergia SA<\/li><\/ul><\/td><\/tr><tr><td><ul><li>Robyg Development Sp. z o.o.<\/li><\/ul><\/td><\/tr><tr><td><ul><li>Roedl, Korpalski Kancelaria Prawna sp\u00f3\u0142ka komandytowa<\/li><\/ul><\/td><\/tr><tr><td><ul><li>Polcourt F.W. Marek Piotrowicz<\/li><\/ul><\/td><\/tr><tr><td><ul><li>Proficenter \u2013 Artur Jaczewski, Marek Kielanowski sp\u00f3\u0142ka cywilna<\/li><\/ul><\/td><\/tr><tr><td><ul><li>Przedsi\u0119biorstwo Produkcyjno-Handlowe \u201eALPEX\u201d<\/li><\/ul><\/td><\/tr><tr><td><ul><li>Scanaqua Sp. z o.o.<\/li><\/ul><\/td><\/tr><tr><td><ul><li>Servipan Sp.z o.o.<\/li><\/ul><\/td><\/tr><tr><td><ul><li>Sevroll \u2013 System Sp. z o.o.<\/li><\/ul><\/td><\/tr><tr><td><ul><li>Siemens Finance Sp. z o.o.<\/li><\/ul><\/td><\/tr><tr><td><ul><li>SMC Industrial Automation Polska Sp. z o. o.<\/li><\/ul><\/td><\/tr><tr><td><ul><li>Sosnowiec Plaza Sp. z o.o.<\/li><\/ul><\/td><\/tr><tr><td><ul><li>Spektrum Sp. z o. o.<\/li><\/ul><\/td><\/tr><tr><td><ul><li>T. Studnicki, K. P\u0142eszka, Z. \u0106wi\u0105kalski, J. G\u00f3rski Sp\u00f3\u0142ka komandytowa<\/li><\/ul><\/td><\/tr><tr><td><ul><li>Tally Weijl (Polska) Sp. z o. o.<\/li><\/ul><\/td><\/tr><tr><td><ul><li>Teknos Sp. z o.o.<\/li><\/ul><\/td><\/tr><tr><td><ul><li>Tels Polska Sp. z o.o.<\/li><\/ul><\/td><\/tr><tr><td><ul><li>Timko Sp. z o.o.<\/li><\/ul><\/td><\/tr><tr><td><ul><li>Tokio Sp. z o. o.<\/li><\/ul><\/td><\/tr><tr><td><ul><li>Travel Online s.c.<\/li><\/ul><\/td><\/tr><tr><td><ul><li>Uniwersytet Warszawski \u2013 Wydawnictwa<\/li><\/ul><\/td><\/tr><tr><td><ul><li>Walter Polska Sp. z o.o.<\/li><\/ul><\/td><\/tr><tr><td><ul><li>Wamtechnik Sp. z o.o.<\/li><\/ul><\/td><\/tr><tr><td><ul><li>Weltex Sp. z o.o.<\/li><\/ul><\/td><\/tr><tr><td><ul><li>Wezyr Holiday Service Sp. z o.o.<\/li><\/ul><\/td><\/tr><tr><td><ul><li>Wierzbowski Eversheds sp\u00f3\u0142ka komandytowa<\/li><\/ul><\/td><\/tr><tr><td><ul><li>WT Skowronska &amp; Pietrzyk<\/li><\/ul><\/td><\/tr><tr><td><ul><li>\u00a0 Sp. K. Kancelaria Adwokacko-Radcowska<\/li><\/ul><\/td><\/tr><tr><td><ul><li>Velux Polska Sp. z o.o.<\/li><\/ul><\/td><\/tr><tr><td><ul><li>Vepro Verkehrsbau Projekt GmbH<\/li><\/ul><\/td><\/tr><\/tbody><\/table>\t\t\t\t\t\t<\/div>\n\t\t\t\t<\/div>\n\t\t\t\t\t<\/div>\n\t\t<\/div>\n\t\t\t\t\t\t\t<\/div>\n\t\t<\/section>\n\t\t\t\t\t\t<\/div>\n\t\t\t\t\t<\/div>\n\t\t","protected":false},"excerpt":{"rendered":"<p>Nasi klienci A. Schulman Polska Sp. z o. o. Adviser Sp.z o.o. Aero \u2013 Medika Sp. z o. o. Alcan Packaging Z\u0142ot\u00f3w Sp. z o.o. Alter Next Sp. z o.o. Atara Sp. z o.o. Atlas Copco Polska Sp. z o.o. Bank Zachodni WBK S.A. 9 Oddzia\u0142 w Warszawie Baranowski Jacek Kancelaria Radcy Prawnego \u201eBiomak\u201d Sp. [&hellip;]<\/p>\n","protected":false},"author":1,"featured_media":0,"parent":0,"menu_order":0,"comment_status":"closed","ping_status":"closed","template":"elementor_header_footer","meta":[],"yoast_head":"<!-- This site is optimized with the Yoast SEO plugin v18.4.1 - https:\/\/yoast.com\/wordpress\/plugins\/seo\/ -->\n<title>Nasi klienci - Majar Biuro T\u0142umacze\u0144 Specjalistycznych<\/title>\n<meta name=\"description\" content=\"Biuro t\u0142umacze\u0144 specjalistycznych Majar w Warszawie, T\u0142umaczenia we wszystkich j\u0119zykach, szybka wycena, wypo\u017cyczanie sprz\u0119tu do t\u0142umacze\u0144.\" \/>\n<meta name=\"robots\" content=\"index, follow, max-snippet:-1, max-image-preview:large, max-video-preview:-1\" \/>\n<link rel=\"canonical\" href=\"https:\/\/bts.info.pl\/?page_id=1320\" \/>\n<meta property=\"og:locale\" content=\"pl_PL\" \/>\n<meta property=\"og:type\" content=\"article\" \/>\n<meta property=\"og:title\" content=\"Nasi klienci - Majar Biuro T\u0142umacze\u0144 Specjalistycznych\" \/>\n<meta property=\"og:description\" content=\"Biuro t\u0142umacze\u0144 specjalistycznych Majar w Warszawie, T\u0142umaczenia we wszystkich j\u0119zykach, szybka wycena, wypo\u017cyczanie sprz\u0119tu do t\u0142umacze\u0144.\" \/>\n<meta property=\"og:url\" content=\"https:\/\/bts.info.pl\/?page_id=1320\" \/>\n<meta property=\"og:site_name\" content=\"Majar Biuro T\u0142umacze\u0144 Specjalistycznych\" \/>\n<meta property=\"article:modified_time\" content=\"2022-03-18T10:55:17+00:00\" \/>\n<meta name=\"twitter:card\" content=\"summary_large_image\" \/>\n<meta name=\"twitter:label1\" content=\"Szacowany czas czytania\" \/>\n\t<meta name=\"twitter:data1\" content=\"4 minuty\" \/>\n<script type=\"application\/ld+json\" class=\"yoast-schema-graph\">{\"@context\":\"https:\/\/schema.org\",\"@graph\":[{\"@type\":\"WebSite\",\"@id\":\"https:\/\/bts.info.pl\/#website\",\"url\":\"https:\/\/bts.info.pl\/\",\"name\":\"Majar Biuro T\u0142umacze\u0144 Specjalistycznych\",\"description\":\"Kolejna witryna oparta na WordPressie\",\"potentialAction\":[{\"@type\":\"SearchAction\",\"target\":{\"@type\":\"EntryPoint\",\"urlTemplate\":\"https:\/\/bts.info.pl\/?s={search_term_string}\"},\"query-input\":\"required name=search_term_string\"}],\"inLanguage\":\"pl-PL\"},{\"@type\":\"WebPage\",\"@id\":\"https:\/\/bts.info.pl\/?page_id=1320#webpage\",\"url\":\"https:\/\/bts.info.pl\/?page_id=1320\",\"name\":\"Nasi klienci - Majar Biuro T\u0142umacze\u0144 Specjalistycznych\",\"isPartOf\":{\"@id\":\"https:\/\/bts.info.pl\/#website\"},\"datePublished\":\"2022-03-16T13:14:42+00:00\",\"dateModified\":\"2022-03-18T10:55:17+00:00\",\"description\":\"Biuro t\u0142umacze\u0144 specjalistycznych Majar w Warszawie, T\u0142umaczenia we wszystkich j\u0119zykach, szybka wycena, wypo\u017cyczanie sprz\u0119tu do t\u0142umacze\u0144.\",\"breadcrumb\":{\"@id\":\"https:\/\/bts.info.pl\/?page_id=1320#breadcrumb\"},\"inLanguage\":\"pl-PL\",\"potentialAction\":[{\"@type\":\"ReadAction\",\"target\":[\"https:\/\/bts.info.pl\/?page_id=1320\"]}]},{\"@type\":\"BreadcrumbList\",\"@id\":\"https:\/\/bts.info.pl\/?page_id=1320#breadcrumb\",\"itemListElement\":[{\"@type\":\"ListItem\",\"position\":1,\"name\":\"Strona g\u0142\u00f3wna\",\"item\":\"https:\/\/bts.info.pl\/\"},{\"@type\":\"ListItem\",\"position\":2,\"name\":\"Nasi klienci\"}]}]}<\/script>\n<!-- \/ Yoast SEO plugin. -->","yoast_head_json":{"title":"Nasi klienci - Majar Biuro T\u0142umacze\u0144 Specjalistycznych","description":"Biuro t\u0142umacze\u0144 specjalistycznych Majar w Warszawie, T\u0142umaczenia we wszystkich j\u0119zykach, szybka wycena, wypo\u017cyczanie sprz\u0119tu do t\u0142umacze\u0144.","robots":{"index":"index","follow":"follow","max-snippet":"max-snippet:-1","max-image-preview":"max-image-preview:large","max-video-preview":"max-video-preview:-1"},"canonical":"https:\/\/bts.info.pl\/?page_id=1320","og_locale":"pl_PL","og_type":"article","og_title":"Nasi klienci - Majar Biuro T\u0142umacze\u0144 Specjalistycznych","og_description":"Biuro t\u0142umacze\u0144 specjalistycznych Majar w Warszawie, T\u0142umaczenia we wszystkich j\u0119zykach, szybka wycena, wypo\u017cyczanie sprz\u0119tu do t\u0142umacze\u0144.","og_url":"https:\/\/bts.info.pl\/?page_id=1320","og_site_name":"Majar Biuro T\u0142umacze\u0144 Specjalistycznych","article_modified_time":"2022-03-18T10:55:17+00:00","twitter_card":"summary_large_image","twitter_misc":{"Szacowany czas czytania":"4 minuty"},"schema":{"@context":"https:\/\/schema.org","@graph":[{"@type":"WebSite","@id":"https:\/\/bts.info.pl\/#website","url":"https:\/\/bts.info.pl\/","name":"Majar Biuro T\u0142umacze\u0144 Specjalistycznych","description":"Kolejna witryna oparta na WordPressie","potentialAction":[{"@type":"SearchAction","target":{"@type":"EntryPoint","urlTemplate":"https:\/\/bts.info.pl\/?s={search_term_string}"},"query-input":"required name=search_term_string"}],"inLanguage":"pl-PL"},{"@type":"WebPage","@id":"https:\/\/bts.info.pl\/?page_id=1320#webpage","url":"https:\/\/bts.info.pl\/?page_id=1320","name":"Nasi klienci - Majar Biuro T\u0142umacze\u0144 Specjalistycznych","isPartOf":{"@id":"https:\/\/bts.info.pl\/#website"},"datePublished":"2022-03-16T13:14:42+00:00","dateModified":"2022-03-18T10:55:17+00:00","description":"Biuro t\u0142umacze\u0144 specjalistycznych Majar w Warszawie, T\u0142umaczenia we wszystkich j\u0119zykach, szybka wycena, wypo\u017cyczanie sprz\u0119tu do t\u0142umacze\u0144.","breadcrumb":{"@id":"https:\/\/bts.info.pl\/?page_id=1320#breadcrumb"},"inLanguage":"pl-PL","potentialAction":[{"@type":"ReadAction","target":["https:\/\/bts.info.pl\/?page_id=1320"]}]},{"@type":"BreadcrumbList","@id":"https:\/\/bts.info.pl\/?page_id=1320#breadcrumb","itemListElement":[{"@type":"ListItem","position":1,"name":"Strona g\u0142\u00f3wna","item":"https:\/\/bts.info.pl\/"},{"@type":"ListItem","position":2,"name":"Nasi klienci"}]}]}},"_links":{"self":[{"href":"https:\/\/bts.info.pl\/index.php?rest_route=\/wp\/v2\/pages\/1320"}],"collection":[{"href":"https:\/\/bts.info.pl\/index.php?rest_route=\/wp\/v2\/pages"}],"about":[{"href":"https:\/\/bts.info.pl\/index.php?rest_route=\/wp\/v2\/types\/page"}],"author":[{"embeddable":true,"href":"https:\/\/bts.info.pl\/index.php?rest_route=\/wp\/v2\/users\/1"}],"replies":[{"embeddable":true,"href":"https:\/\/bts.info.pl\/index.php?rest_route=%2Fwp%2Fv2%2Fcomments&post=1320"}],"version-history":[{"count":42,"href":"https:\/\/bts.info.pl\/index.php?rest_route=\/wp\/v2\/pages\/1320\/revisions"}],"predecessor-version":[{"id":1615,"href":"https:\/\/bts.info.pl\/index.php?rest_route=\/wp\/v2\/pages\/1320\/revisions\/1615"}],"wp:attachment":[{"href":"https:\/\/bts.info.pl\/index.php?rest_route=%2Fwp%2Fv2%2Fmedia&parent=1320"}],"curies":[{"name":"wp","href":"https:\/\/api.w.org\/{rel}","templated":true}]}}